{"id":2,"date":"2015-09-16T04:24:25","date_gmt":"2015-09-16T04:24:25","guid":{"rendered":"http:\/\/wp431m.a10-52-158-154.qa.plesk.ru\/wordpress\/?page_id=2"},"modified":"2016-02-18T08:50:35","modified_gmt":"2016-02-18T08:50:35","slug":"sample-page","status":"publish","type":"page","link":"https:\/\/tk-heissen.de\/?page_id=2","title":{"rendered":"\u00dcber uns &#8230;"},"content":{"rendered":"<h1 class=\"\u00dcberschrift\">Chronik des <br \/>Tennis Klub Hei\u00dfen e.V. seit 1952<\/h1>\n<p><span class=\"Chronik_Text\">Die wichtigsten Daten im \u00dcberblick:<\/span><\/p>\n<table>\n<tr>\n<td valign=\"top\" class=\"Chronik_Jahr\" style=\"width: 83px; height: 53px;\">\n<p>vor 1951<\/p>\n<\/td>\n<td class=\"Chronik_Text\" valign=\"top\" style=\"height: 53px\">\n<p class=\"Chronik_Text\">M\u00fclheimer Bergwerksverein (MBV) betreibt drei Zechen in Hei\u00dfen: Humboldt, Rosenblumendelle und Wiesche.<br \/>\n\t\t<br \/>Er ist der wichtigste Arbeitgeber in dieser Zeit<\/p>\n<\/td>\n<\/tr>\n<tr>\n<td valign=\"top\" class=\"Chronik_Jahr\" style=\"width: 83px\">\n<p>1951<\/p>\n<\/td>\n<td class=\"Chronik_Text\" valign=\"top\">\n<p>Der MBV baut neben dem schon bestehenden Berglehrlingsheim (heute Waldorfschule) auch ein Sportheim sowie diverse Sportanlagen f\u00fcr die Berglehrlinge, u.a. auch drei Tennispl\u00e4tze.<\/p>\n<\/td>\n<\/tr>\n<tr>\n<td valign=\"top\" class=\"Chronik_Jahr\" style=\"width: 83px\">\n<p>1952<\/p>\n<\/td>\n<td class=\"Chronik_Text\" valign=\"top\">\n<p>Gr\u00fcndung des Tennis Klubs Hei\u00dfen und Gr\u00fcndungssitzung am 28.05.1952.<br \/>1. Vorsitzender Bergwerksdirektor Hans-Ulrich Mueller,<br \/>\n\t\t<br \/>2. Vorsitzender Werksarzt Dr. Friedhelm W\u00e4chter <br \/>und Gesch\u00e4ftsf\u00fchrer\/ Kassenwart\/ Schriftf\u00fchrer Rolf K\u00f6berich<\/p>\n<\/td>\n<\/tr>\n<tr>\n<td valign=\"top\" class=\"Chronik_Jahr\" style=\"width: 83px\">\n<p>1962<\/p>\n<\/td>\n<td class=\"Chronik_Text\" valign=\"top\">\n<p>Direktor Mueller legt mit seiner Pensionierung den Vorsitz nieder.<br \/>\n\t\t<br \/>Neuer 1.Vorsitzender wird Fritz Leinert; 2. Vorsitzender Dieter Kleyheeg.<\/p>\n<\/td>\n<\/tr>\n<tr>\n<td valign=\"top\" class=\"Chronik_Jahr\" style=\"width: 83px\">\n<p>1966<\/p>\n<\/td>\n<td class=\"Chronik_Text\" valign=\"top\">\n<p>Schlie\u00dfung der Zechen Blumendelle und Wiesche mit weitreichenden Folgen f\u00fcr den Stadtteil<br \/>\n\t\tHei\u00dfen und auch den TK Hei\u00dfen<\/p>\n<\/td>\n<\/tr>\n<tr>\n<td valign=\"top\" class=\"Chronik_Jahr\" style=\"width: 83px\">\n<p>1970<\/p>\n<\/td>\n<td class=\"Chronik_Text\" valign=\"top\">\n<p>Tod Fritz Leinerts auf dem Tennisplatz. Dieter Kleyheeg \u00fcbernimmt kommissarisch den Vorsitz<\/p>\n<\/td>\n<\/tr>\n<tr>\n<td valign=\"top\" class=\"Chronik_Jahr\" style=\"width: 83px\">\n<p>1971<\/p>\n<\/td>\n<td class=\"Chronik_Text\" valign=\"top\">\n<p>Neuer 1. Vorsitzender Dr. Friedhelm W\u00e4chter, 2. Vorsitzender Helmut Haferkamp\/ G\u00fcnter Jansen (als Nachfolger)<br \/>Erweiterung der Tennisanlage um Platz 4<\/p>\n<\/td>\n<\/tr>\n<tr>\n<td valign=\"top\" class=\"Chronik_Jahr\" style=\"width: 83px\">\n<p>1972<\/p>\n<\/td>\n<td class=\"Chronik_Text\" valign=\"top\">\n<p>Neubau des Klubhauses<\/p>\n<\/td>\n<\/tr>\n<tr>\n<td valign=\"top\" class=\"Chronik_Jahr\" style=\"width: 83px\">\n<p>1976<\/p>\n<\/td>\n<td class=\"Chronik_Text\" valign=\"top\">\n<p>Neuer Platz 5<\/p>\n<\/td>\n<\/tr>\n<tr>\n<td valign=\"top\" class=\"Chronik_Jahr\" style=\"width: 83px\">\n<p>1977<\/p>\n<\/td>\n<td class=\"Chronik_Text\" valign=\"top\">\n<p>25-j\u00e4hriges Jubil\u00e4um mit Gala-Empfang in der Stadthalle.<\/p>\n<\/td>\n<\/tr>\n<tr>\n<td valign=\"top\" class=\"Chronik_Jahr\" style=\"width: 83px\">\n<p>1982<\/p>\n<\/td>\n<td valign=\"top\" class=\"Chronik_Text\">\n<p>Dr. W\u00e4chter gibt den Vorsitz an G\u00fcnter Jansen ab, seinen bisherigen Stellvertreter.<br \/>N\u00e4chster 2. Vorsitzender wird Prof. Dr. Werner Giesen.<br \/>In den n\u00e4chsten Jahren pachtet der Verein von der Stadt das Grundst\u00fcck der Klubanlage.<br \/>Als Folge wird der 6. Tennisplatz gebaut. Nicht immer zur Erheiterung der Klubmitglieder entsteht in dem ehemaligen Kasino die Jugendkneipe \u201eJedermann\u201c<\/p>\n<\/td>\n<\/tr>\n<tr>\n<td valign=\"top\" class=\"Chronik_Jahr\" style=\"width: 83px\">\n<p>1990<\/p>\n<\/td>\n<td valign=\"top\" class=\"Chronik_Text\">\n<p>Prof. Dr. Giesen wird neuer 1. Vorsitzender, Rolf W\u00fcstenhagen sein Stellvertreter<\/p>\n<\/td>\n<\/tr>\n<tr>\n<td valign=\"top\" class=\"Chronik_Jahr\" style=\"width: 83px\">\n<p>1992<\/p>\n<\/td>\n<td valign=\"top\" class=\"Chronik_Text\">\n<p>40-j\u00e4hriges Vereinsjubil\u00e4um mit Gala-Abend im Marmorsaal der Stadthalle<\/p>\n<\/td>\n<\/tr>\n<tr>\n<td valign=\"top\" class=\"Chronik_Jahr\" style=\"width: 83px\">\n<p>2002<\/p>\n<\/td>\n<td valign=\"top\" class=\"Chronik_Text\">\n<p>50-j\u00e4hriges Jubil\u00e4um des TK Hei\u00dfen im Handelshof und Ehrung vieler verdienter Mitglieder f\u00fcr 40- j\u00e4hrige und l\u00e4ngere Mitgliedschaft.<\/p>\n<\/td>\n<\/tr>\n<tr>\n<td valign=\"top\" class=\"Chronik_Jahr\" style=\"width: 83px\">\n<p>2004<\/p>\n<\/td>\n<td valign=\"top\" class=\"Chronik_Text\">\n<p>Klaus Neumann wird 1. Vorsitzender. <br \/>2. Vorsitzender Christoph Stangier.<br \/>Der Verein unterzieht sich einer gr\u00fcndlichen Evaluation<\/p>\n<\/td>\n<\/tr>\n<tr>\n<td valign=\"top\" class=\"Chronik_Jahr\" style=\"width: 83px\">\n<p>2012<\/p>\n<\/td>\n<td valign=\"top\" class=\"Chronik_Text\">2. Vorsitzender wird Thomas<br \/>\n\t\tLauterfeld.<br \/>60-j\u00e4hriges Jubil\u00e4um des TK Hei\u00dfen<\/td>\n<\/tr>\n<tr>\n<td valign=\"top\" class=\"Chronik_Jahr\" style=\"width: 83px\">\n<\/td>\n<td valign=\"top\" class=\"Chronik_Text\">Fortsetzung folgt &#8230;<\/td>\n<\/tr>\n<\/table>\n","protected":false},"excerpt":{"rendered":"<p>Chronik des Tennis Klub Hei\u00dfen e.V. seit 1952 Die wichtigsten Daten im \u00dcberblick: vor 1951 M\u00fclheimer Bergwerksverein (MBV) betreibt drei Zechen in Hei\u00dfen: Humboldt, Rosenblumendelle und Wiesche. Er ist der wichtigste Arbeitgeber in dieser Zeit 1951 Der MBV baut neben<\/p>\n","protected":false},"author":1,"featured_media":6,"parent":0,"menu_order":1,"comment_status":"closed","ping_status":"open","template":"","meta":[],"_links":{"self":[{"href":"https:\/\/tk-heissen.de\/index.php?rest_route=\/wp\/v2\/pages\/2"}],"collection":[{"href":"https:\/\/tk-heissen.de\/index.php?rest_route=\/wp\/v2\/pages"}],"about":[{"href":"https:\/\/tk-heissen.de\/index.php?rest_route=\/wp\/v2\/types\/page"}],"author":[{"embeddable":true,"href":"https:\/\/tk-heissen.de\/index.php?rest_route=\/wp\/v2\/users\/1"}],"replies":[{"embeddable":true,"href":"https:\/\/tk-heissen.de\/index.php?rest_route=%2Fwp%2Fv2%2Fcomments&post=2"}],"version-history":[{"count":2,"href":"https:\/\/tk-heissen.de\/index.php?rest_route=\/wp\/v2\/pages\/2\/revisions"}],"predecessor-version":[{"id":784,"href":"https:\/\/tk-heissen.de\/index.php?rest_route=\/wp\/v2\/pages\/2\/revisions\/784"}],"wp:featuredmedia":[{"embeddable":true,"href":"https:\/\/tk-heissen.de\/index.php?rest_route=\/wp\/v2\/media\/6"}],"wp:attachment":[{"href":"https:\/\/tk-heissen.de\/index.php?rest_route=%2Fwp%2Fv2%2Fmedia&parent=2"}],"curies":[{"name":"wp","href":"https:\/\/api.w.org\/{rel}","templated":true}]}}