{"id":455,"date":"2015-11-17T15:14:12","date_gmt":"2015-11-17T15:14:12","guid":{"rendered":"http:\/\/tk-heissen.de\/?page_id=455"},"modified":"2024-06-17T17:29:29","modified_gmt":"2024-06-17T17:29:29","slug":"impressum","status":"publish","type":"page","link":"https:\/\/tk-heissen.de\/?page_id=455","title":{"rendered":"Impressum"},"content":{"rendered":"<h4>Tennis-Klub M\u00fclheim-Heissen e.V.<\/h4>\n<pre>Bl\u00fccherstr. 135 a\n45472 M\u00fclheim an der Ruhr\nTel.: +49 208 493199\nMail : <a href=\"mailto:vorstand@tk-heissen.de\">vorstand@tk-heissen.de\n\n<\/a><\/pre>\n<p class=\"style5\"><strong><span class=\"style10\">Vorstand: <\/span><\/strong><br \/>\n1. Vorsitzender: Niklas Lehmann, 45472 M\u00fclheim<br \/>\n2. Vorsitzender: Dozie Emenako, 45472 M\u00fclheim<\/p>\n<p class=\"style5\">Der Tennis-Klub M\u00fclheim-Hei\u00dfen e.V. ist eingetragen im Vereinsregister des Amtsgerichts Duisburg unter <strong>VR 50628<\/strong>.<\/p>\n<p class=\"style5\"><strong>Verantwortlich f\u00fcr den Auftritt ist der:<br \/>\n<\/strong>Tennis Klub M\u00fclheim Hei\u00dfen e.V.<br \/>\nBl\u00fccherstr. 135a<br \/>\n45472 M\u00fclheim an der Ruhr<\/p>\n","protected":false},"excerpt":{"rendered":"<p>Tennis-Klub M\u00fclheim-Heissen e.V. Bl\u00fccherstr. 135 a 45472 M\u00fclheim an der Ruhr Tel.: +49 208 493199 Mail : vorstand@tk-heissen.de Vorstand: 1. Vorsitzender: Niklas Lehmann, 45472 M\u00fclheim 2. Vorsitzender: Dozie Emenako, 45472 M\u00fclheim Der Tennis-Klub M\u00fclheim-Hei\u00dfen e.V. ist eingetragen im Vereinsregister des<\/p>\n","protected":false},"author":1,"featured_media":0,"parent":0,"menu_order":99,"comment_status":"closed","ping_status":"closed","template":"","meta":[],"_links":{"self":[{"href":"https:\/\/tk-heissen.de\/index.php?rest_route=\/wp\/v2\/pages\/455"}],"collection":[{"href":"https:\/\/tk-heissen.de\/index.php?rest_route=\/wp\/v2\/pages"}],"about":[{"href":"https:\/\/tk-heissen.de\/index.php?rest_route=\/wp\/v2\/types\/page"}],"author":[{"embeddable":true,"href":"https:\/\/tk-heissen.de\/index.php?rest_route=\/wp\/v2\/users\/1"}],"replies":[{"embeddable":true,"href":"https:\/\/tk-heissen.de\/index.php?rest_route=%2Fwp%2Fv2%2Fcomments&post=455"}],"version-history":[{"count":7,"href":"https:\/\/tk-heissen.de\/index.php?rest_route=\/wp\/v2\/pages\/455\/revisions"}],"predecessor-version":[{"id":2288,"href":"https:\/\/tk-heissen.de\/index.php?rest_route=\/wp\/v2\/pages\/455\/revisions\/2288"}],"wp:attachment":[{"href":"https:\/\/tk-heissen.de\/index.php?rest_route=%2Fwp%2Fv2%2Fmedia&parent=455"}],"curies":[{"name":"wp","href":"https:\/\/api.w.org\/{rel}","templated":true}]}}